{"id":26,"date":"2023-09-16T12:11:08","date_gmt":"2020-10-16T09:11:08","guid":{"rendered":"http:\/\/demo.safirtema.com\/anka\/?page_id=26"},"modified":"2023-09-16T12:11:38","modified_gmt":"2023-09-16T09:11:38","slug":"kunye","status":"publish","type":"page","link":"http:\/\/www.kibrishakkinda.net\/?page_id=26","title":{"rendered":"K\u00fcnye"},"content":{"rendered":"\n<p class=\"has-text-align-center\">Buras\u0131 \u00f6rnek bir k\u00fcnye sayfas\u0131d\u0131r ve i\u00e7indeki <strong><em>t\u00fcm bilgiler ge\u00e7ersizdir.<\/em><\/strong><\/p>\n\n\n\n<p class=\"has-text-align-center\"><strong>Y\u00f6netim Yeri Adresi:<\/strong><br>\u00d6RNEK&nbsp;GAZETEC\u0130L\u0130K VE MATBAACILIK A.\u015e<br>\u00d6rnek Caddesi, \u00d6rnek Mahallesi 2264. Sokak No:1<br>34204 Ba\u011fc\u0131lar, \u0130stanbul<\/p>\n\n\n\n<p class=\"has-text-align-center\"><strong>Telefon No:<\/strong><br>0 212 123&nbsp;45&nbsp;67<\/p>\n\n\n\n<p class=\"has-text-align-center\"><strong>Fax No<\/strong><br>0 212 123&nbsp;45&nbsp;67<\/p>\n\n\n\n<p class=\"has-text-align-center\"><strong>Sorumlu M\u00fcd\u00fcr:<\/strong><br>Memduh Sevendal<\/p>\n\n\n\n<p class=\"has-text-align-center\"><strong>E-posta:<\/strong><br><a href=\"mailto:editor@siteadresi.com\">editor@siteadresi.com<\/a><\/p>\n\n\n\n<p class=\"has-text-align-center\"><strong>Servis sa\u011flay\u0131c\u0131:<\/strong><br>\u00d6rnek&nbsp;Ileti\u015fim Elektronik Servis Hizmetleri A.\u015e<br>Telefon: 0 212 123&nbsp;45&nbsp;67<br>Fax: 0 212 123&nbsp;45&nbsp;67<br>e-posta:&nbsp;<a href=\"mailto:bilgi@safirtema.com\">bilgi@site.com<\/a><\/p>\n\n\n\n<p class=\"has-text-align-center\"><strong>Internet Reklamlar\u0131 Hakk\u0131nda Bilgi:<br><\/strong><a href=\"http:\/\/www.siteadresi.com\/\">http:\/\/www.siteadresi.com<\/a><\/p>\n\n\n\n<p class=\"has-text-align-center\"><strong>\u00d6rnek&nbsp;Gazetesi Yat\u0131r\u0131mc\u0131 Ili\u015fkileri:<\/strong><br>Fax: 0212 123&nbsp;45&nbsp;67<br>E-mail:&nbsp;<a href=\"mailto:yatirimciiliskileri@safirtema.com\">yatirimciiliskileri@site.com<\/a><\/p>\n\n\n\n<p class=\"has-text-align-center\"><strong>H\u00fcrriyet Gazetesi Reklamlar\u0131 Hakk\u0131nda Bilgi:<\/strong><br>Tel: 0212 123&nbsp;45&nbsp;67 \u2013&nbsp;89<\/p>\n\n\n\n<p class=\"has-text-align-center\"><strong>Ticaret Sicil Bilgileri ve Adres:<\/strong><br>Firma Ad\u0131: \u00d6rnek&nbsp;Gazetecilik ve Matbaac\u0131l\u0131k A.\u015e.<br>Ticaret Odas\u0131: \u0130stanbul Ticaret Odas\u0131<br>Ticaret Sicil Numaras\u0131: 12345\/67890<\/p>\n\n\n\n<p class=\"has-text-align-center\"><strong>Faaliyet Konusu:&nbsp;<\/strong>Gazetecilik, gazete matbaa bas\u0131m\u0131, elektronik ortamda veya bas\u0131l\u0131 \u015fekilde yay\u0131n\u0131 ve sat\u0131\u015f\u0131 ile ulusal ve uluslararas\u0131 d\u00fczeyde televizyon programlar\u0131,&nbsp;video, film ve reklam yap\u0131m ve tan\u0131t\u0131m i\u015fleri.<br>\u015eirket amac\u0131n\u0131n ger\u00e7ekle\u015fmesi i\u00e7in yurt i\u00e7inde ve d\u0131\u015f\u0131nda mal gayrimenkul s\u0131nai m\u00fclkiyet haklar\u0131na tasarrufi muameleler yapabilece\u011fi gibi bunlar \u00fczerinde rehin ve ipotek tesis etmek leyh ve alayhine ve her t\u00fcrl\u00fc ayni hak irtifak kira \u015fufa s\u00fckna gayrimenkul m\u00fckellefiyetleri vesair haklar\u0131 iktisap tesis terkin ve fek etmek ve 01.01.2000 tarihinde tescil edilen tadil mukavelesinde yaz\u0131l\u0131 olan di\u011fer i\u015fler.<\/p>\n\n\n\n<p class=\"has-text-align-center\"><strong>\u0130\u015fe Ba\u015flama Tarihi:<br><\/strong>01.01.2000<\/p>\n\n\n\n<p class=\"has-text-align-center\"><strong>Vergi Dairesi ve Numaras\u0131:<\/strong><br>B\u00fcy\u00fck M\u00fckellefler Vergi Dairesi \/&nbsp;0123456789<\/p>\n\n\n\n<p class=\"has-text-align-center\"><strong>UYARI<\/strong><br><strong>\u201csite.com internet sitesinde yay\u0131nlanan yaz\u0131, haber ve foto\u011fraflar\u0131n her t\u00fcrl\u00fc telif hakk\u0131 \u00d6rnek&nbsp;Gazetecilik ve Matbaac\u0131l\u0131k A.\u015e.\u2019ye aittir. \u0130zin al\u0131nmadan, kaynak g\u00f6sterilerek dahi iktibas edilemez.\u201d<\/strong><\/p>\n","protected":false},"excerpt":{"rendered":"<p>Buras\u0131 \u00f6rnek bir k\u00fcnye sayfas\u0131d\u0131r ve i\u00e7indeki t\u00fcm bilgiler ge\u00e7ersizdir. Y\u00f6netim Yeri Adresi:\u00d6RNEK&nbsp;GAZETEC\u0130L\u0130K VE MATBAACILIK A.\u015e\u00d6rnek Caddesi, \u00d6rnek Mahallesi 2264. Sokak No:134204 Ba\u011fc\u0131lar, \u0130stanbul Telefon No:0 212 123&nbsp;45&nbsp;67 Fax No0 212 123&nbsp;45&nbsp;67 Sorumlu M\u00fcd\u00fcr:Memduh Sevendal E-posta:editor@siteadresi.com Servis sa\u011flay\u0131c\u0131:\u00d6rnek&nbsp;Ileti\u015fim Elektronik Servis Hizmetleri A.\u015eTelefon: 0 212 123&nbsp;45&nbsp;67Fax: 0 212 123&nbsp;45&nbsp;67e-posta:&nbsp;bilgi@site.com Internet Reklamlar\u0131 Hakk\u0131nda Bilgi:http:\/\/www.siteadresi.com \u00d6rnek&nbsp;Gazetesi Yat\u0131r\u0131mc\u0131 Ili\u015fkileri:Fax: [&hellip;]<\/p>\n","protected":false},"author":1,"featured_media":0,"parent":0,"menu_order":0,"comment_status":"closed","ping_status":"closed","template":"pages\/page-full.php","meta":{"footnotes":""},"class_list":["post-26","page","type-page","status-publish","hentry"],"_links":{"self":[{"href":"http:\/\/www.kibrishakkinda.net\/index.php?rest_route=\/wp\/v2\/pages\/26","targetHints":{"allow":["GET"]}}],"collection":[{"href":"http:\/\/www.kibrishakkinda.net\/index.php?rest_route=\/wp\/v2\/pages"}],"about":[{"href":"http:\/\/www.kibrishakkinda.net\/index.php?rest_route=\/wp\/v2\/types\/page"}],"author":[{"embeddable":true,"href":"http:\/\/www.kibrishakkinda.net\/index.php?rest_route=\/wp\/v2\/users\/1"}],"replies":[{"embeddable":true,"href":"http:\/\/www.kibrishakkinda.net\/index.php?rest_route=%2Fwp%2Fv2%2Fcomments&post=26"}],"version-history":[{"count":1,"href":"http:\/\/www.kibrishakkinda.net\/index.php?rest_route=\/wp\/v2\/pages\/26\/revisions"}],"predecessor-version":[{"id":27,"href":"http:\/\/www.kibrishakkinda.net\/index.php?rest_route=\/wp\/v2\/pages\/26\/revisions\/27"}],"wp:attachment":[{"href":"http:\/\/www.kibrishakkinda.net\/index.php?rest_route=%2Fwp%2Fv2%2Fmedia&parent=26"}],"curies":[{"name":"wp","href":"https:\/\/api.w.org\/{rel}","templated":true}]}}